{"id":4,"date":"2019-07-08T13:44:06","date_gmt":"2019-07-08T13:44:06","guid":{"rendered":"http:\/\/callhazel.upneticsite.com\/?page_id=4"},"modified":"2023-04-17T19:53:01","modified_gmt":"2023-04-17T19:53:01","slug":"home","status":"publish","type":"page","link":"https:\/\/callhazel.upneticsite.com\/","title":{"rendered":"Home"},"content":{"rendered":"<h1>\n\t\tCommercial and New Construction Cleaning\n\t<\/h1>\n<h3>\n\t\tLimpieza comercial y de obra nueva\n\t<\/h3>\n\t\t\t\t<img loading=\"lazy\" src=\"https:\/\/callhazel.upneticsite.com\/wp-content\/uploads\/sites\/141\/2021\/08\/img440-300x167.jpg\" alt=\"img440\" height=\"167\" width=\"300\" title=\"img440\" \/>\n\t<h3>Quality Service<\/h3>\t\t\n\t\t\t<p>Call Hazel prides itself on our ability to put the customer needs first.\u00a0 Our top notch crews are trained to clean at a standard that far surpasses the industry standard.\u00a0 Our dedication translates to success for our clients in their ability to show their quality product in the best possible condition.<\/p>\n<p>Call Hazel se enorgullece de nuestra capacidad para priorizar las necesidades del cliente.\u00a0 Nuestros equipos de primera categor\u00eda est\u00e1n capacitados para limpiar con un est\u00e1ndar que supera con creces el est\u00e1ndar de la industria. Nuestra dedicaci\u00f3n se traduce en el \u00e9xito de nuestros clientes en su capacidad de mostrar su producto de calidad en las mejores condiciones posibles.<\/p>\n\t<h3>Customer Service<\/h3>\t\t\n\t\t\t<p>We work for our clients.\u00a0 Flexibility is a key factor in our efforts to meet deadlines.\u00a0 With so many moving parts in a new construction clean, it is absolutely necessary to be able to maneuver around scheduling obstacles that are ever changing.\u00a0 With over 25 years of experience, we have that working knowledge and pride ourselves on never having missed a deadline on our watch.<\/p>\n<p>Trabajamos para nuestros clientes. La flexibilidad es un factor clave en nuestros esfuerzos por cumplir con los plazos. Con tantas partes m\u00f3viles limpias en una nueva construcci\u00f3n, es absolutamente necesario poder maniobrar alrededor de los obst\u00e1culos de programaci\u00f3n que est\u00e1n en constante cambio. Con m\u00e1s de 25 a\u00f1os de experiencia, tenemos ese conocimiento pr\u00e1ctico y nos enorgullecemos de nunca haber incumplido una fecha l\u00edmite en nuestro reloj.<\/p>\n\t<h3>Our Cleaning Teams<\/h3>\t\t\n\t\t\t<p>Each one of our crew members has been personally trained by the Owner.\u00a0 We demand a lot from our employees but we also offer pay and benefits that are unequalled in our industry. Employment with Call Hazel, LLC is open to all qualified individuals who are willing to be a part of a professional family that works hard and provides positive results.<\/p>\n<p>Cada uno de los miembros de nuestra tripulaci\u00f3n ha sido capacitado personalmente por el propietario. Exigimos mucho a nuestros empleados, pero tambi\u00e9n ofrecemos salarios y beneficios sin igual en nuestra industria. El empleo con Call Hazel, LLC est\u00e1 abierto a todas las personas calificadas que est\u00e9n dispuestas a ser parte de una familia profesional que trabaja duro y brinda resultados positivos.<\/p>\n<p>&nbsp;<\/p>\n<h2>\n\t\tOur Services (Nuevos modelos de casas)\n\t<\/h2>\n\t\t<h4>Post Construction Clean-Up (Limpieza posterior a la construcci\u00f3n)<\/h4>\n\t\t\t\t<img loading=\"lazy\" src=\"https:\/\/callhazel.upneticsite.com\/wp-content\/uploads\/sites\/141\/bb-plugin\/cache\/istockphoto-1212544203-612x612-1-300x200-landscape.jpg\" alt=\"Broom sweeping concrete pieces from floor. Cleaning garbage after repair work of home. Closeup.\" height=\"200\" width=\"300\" title=\"istockphoto-1212544203-612x612\" \/>\n\t\t<h4>Commercial Cleaning (Limpieza comercial)<\/h4>\n\t\t\t\t<img loading=\"lazy\" src=\"https:\/\/callhazel.upneticsite.com\/wp-content\/uploads\/sites\/141\/bb-plugin\/cache\/images-landscape.jpg\" alt=\"images\" height=\"192\" width=\"263\" title=\"images\" \/>\n\t\t<h4>New Home Models (Nuevos modelos de casas)<\/h4>\n\t\t\t\t<img loading=\"lazy\" src=\"https:\/\/callhazel.upneticsite.com\/wp-content\/uploads\/sites\/141\/bb-plugin\/cache\/new-home-model-landscape.jpg\" alt=\"new home model\" height=\"147\" width=\"344\" title=\"new home model\" \/>\n<h2>\n\t\tKara Spencer Lyons &#8211; CEO &amp; Owner\n\t<\/h2>\n\t\t\t\t<img loading=\"lazy\" src=\"https:\/\/callhazel.upneticsite.com\/wp-content\/uploads\/sites\/141\/2021\/08\/thumbnail-2.jpg\" alt=\"thumbnail\" height=\"604\" width=\"400\" title=\"thumbnail\" \/>\n\t\t\t\t<img loading=\"lazy\" src=\"https:\/\/callhazel.upneticsite.com\/wp-content\/uploads\/sites\/141\/2023\/04\/600386AE-8D60-4E7F-AFBE-83F5B863BA6E.jpeg\" alt=\"600386AE-8D60-4E7F-AFBE-83F5B863BA6E\" height=\"1000\" width=\"590\" title=\"600386AE-8D60-4E7F-AFBE-83F5B863BA6E\" \/>\n<h2>\n\t\tPatty Jerothe- CFO\n\t<\/h2>\n\t\t\t\t<img loading=\"lazy\" src=\"https:\/\/callhazel.upneticsite.com\/wp-content\/uploads\/sites\/141\/2023\/04\/C6B5F90A-0ACE-4FA1-B68D-A337B448AEAD.jpeg\" alt=\"C6B5F90A-0ACE-4FA1-B68D-A337B448AEAD\" height=\"279\" width=\"279\" title=\"C6B5F90A-0ACE-4FA1-B68D-A337B448AEAD\" \/>\n<h2>\n\t\tPenny Hopkins- Office Manager\n\t<\/h2>\n\t\t<h1>Questions about getting started? Drop us a line to find out more! \u00bfPreguntas sobre c\u00f3mo empezar? \u00a1Env\u00edenos un mensaje para obtener m\u00e1s informaci\u00f3n!<\/h1>\n\t\t<h4><em>callhazelllc@gmail.com<\/em><\/h4>\n<h4><em>804-519-0451<\/em><\/h4>\n\t\t\t<a href=\"http:\/\/callhazel.upneticsite.com\/contact-us\/\" target=\"_self\" role=\"button\" rel=\"noopener noreferrer\">\n\t\t\t\t\t\t\tCall if you are interested in our services or possible employment with Call Hazel.  Llame si est\u00e1 interesado en un posible empleo.  804-519-0451\n\t\t\t\t\t<\/a>\n\t\t\t\t<img loading=\"lazy\" src=\"https:\/\/callhazel.upneticsite.com\/wp-content\/uploads\/sites\/141\/2021\/08\/6327.jpeg\" alt=\"6327\" height=\"1239\" width=\"1064\" title=\"6327\" \/>\n","protected":false},"excerpt":{"rendered":"<p>Commercial and New Construction Cleaning Limpieza comercial y de obra nueva Quality Service Call Hazel prides itself on our ability to put the customer needs first.\u00a0 Our top notch crews are trained to clean at a standard that far surpasses the industry standard.\u00a0 Our dedication translates to success for our clients in their ability to&hellip;<\/p>\n","protected":false},"author":1147,"featured_media":0,"parent":0,"menu_order":0,"comment_status":"closed","ping_status":"closed","template":"","meta":[],"_links":{"self":[{"href":"https:\/\/callhazel.upneticsite.com\/index.php?rest_route=\/wp\/v2\/pages\/4"}],"collection":[{"href":"https:\/\/callhazel.upneticsite.com\/index.php?rest_route=\/wp\/v2\/pages"}],"about":[{"href":"https:\/\/callhazel.upneticsite.com\/index.php?rest_route=\/wp\/v2\/types\/page"}],"author":[{"embeddable":true,"href":"https:\/\/callhazel.upneticsite.com\/index.php?rest_route=\/wp\/v2\/users\/1147"}],"replies":[{"embeddable":true,"href":"https:\/\/callhazel.upneticsite.com\/index.php?rest_route=%2Fwp%2Fv2%2Fcomments&post=4"}],"version-history":[{"count":35,"href":"https:\/\/callhazel.upneticsite.com\/index.php?rest_route=\/wp\/v2\/pages\/4\/revisions"}],"predecessor-version":[{"id":111,"href":"https:\/\/callhazel.upneticsite.com\/index.php?rest_route=\/wp\/v2\/pages\/4\/revisions\/111"}],"wp:attachment":[{"href":"https:\/\/callhazel.upneticsite.com\/index.php?rest_route=%2Fwp%2Fv2%2Fmedia&parent=4"}],"curies":[{"name":"wp","href":"https:\/\/api.w.org\/{rel}","templated":true}]}}